{"id":7360,"date":"2021-05-22T14:47:59","date_gmt":"2021-05-22T14:47:59","guid":{"rendered":"https:\/\/rottonara-debiasi.it\/vermogenshaftpflicht\/"},"modified":"2021-06-12T09:45:25","modified_gmt":"2021-06-12T09:45:25","slug":"vermogenshaftpflicht","status":"publish","type":"page","link":"https:\/\/rottonara-debiasi.it\/it\/firmenkunde\/gebaude-buro\/vermogenshaftpflicht\/","title":{"rendered":"Verm\u00f6genshaftpflicht"},"content":{"rendered":"\t\t<div data-elementor-type=\"wp-page\" data-elementor-id=\"7360\" class=\"elementor elementor-7360 elementor-2932\">\n\t\t\t\t\t\t\t\t\t<section class=\"elementor-section elementor-top-section elementor-element elementor-element-71e05832 elementor-section-height-min-height elementor-section-items-bottom elementor-hidden-tablet elementor-hidden-phone elementor-section-content-top elementor-section-boxed elementor-section-height-default\" data-id=\"71e05832\" data-element_type=\"section\" data-settings=\"{&quot;background_background&quot;:&quot;classic&quot;}\">\n\t\t\t\t\t\t<div class=\"elementor-container elementor-column-gap-no\">\n\t\t\t\t\t<div class=\"elementor-column elementor-col-50 elementor-top-column elementor-element elementor-element-4c4c7d04\" data-id=\"4c4c7d04\" data-element_type=\"column\" data-settings=\"{&quot;background_background&quot;:&quot;classic&quot;}\">\n\t\t\t<div class=\"elementor-widget-wrap elementor-element-populated\">\n\t\t\t\t\t\t\t\t<div class=\"elementor-element elementor-element-374e54a3 elementor-widget elementor-widget-heading\" data-id=\"374e54a3\" data-element_type=\"widget\" data-widget_type=\"heading.default\">\n\t\t\t\t<div class=\"elementor-widget-container\">\n\t\t\t<h4 class=\"elementor-heading-title elementor-size-default\">Calcoli sbagliati? <br \/>\nEcco la polizza giusta. \n<\/h4>\t\t<\/div>\n\t\t\t\t<\/div>\n\t\t\t\t\t<\/div>\n\t\t<\/div>\n\t\t\t\t<div class=\"elementor-column elementor-col-50 elementor-top-column elementor-element elementor-element-39b3823d\" data-id=\"39b3823d\" data-element_type=\"column\">\n\t\t\t<div class=\"elementor-widget-wrap\">\n\t\t\t\t\t\t\t\t\t<\/div>\n\t\t<\/div>\n\t\t\t\t\t\t\t<\/div>\n\t\t<\/section>\n\t\t\t\t<section class=\"elementor-section elementor-top-section elementor-element elementor-element-cafef7a elementor-section-height-min-height elementor-section-items-bottom elementor-section-content-bottom mob-bnr elementor-hidden-desktop elementor-section-boxed elementor-section-height-default\" data-id=\"cafef7a\" data-element_type=\"section\" data-settings=\"{&quot;background_background&quot;:&quot;classic&quot;}\">\n\t\t\t\t\t\t<div class=\"elementor-container elementor-column-gap-default\">\n\t\t\t\t\t<div class=\"elementor-column elementor-col-100 elementor-top-column elementor-element elementor-element-6af7c985\" data-id=\"6af7c985\" data-element_type=\"column\" data-settings=\"{&quot;background_background&quot;:&quot;classic&quot;}\">\n\t\t\t<div class=\"elementor-widget-wrap elementor-element-populated\">\n\t\t\t\t\t\t\t\t<div class=\"elementor-element elementor-element-7737af98 elementor-widget elementor-widget-heading\" data-id=\"7737af98\" data-element_type=\"widget\" data-widget_type=\"heading.default\">\n\t\t\t\t<div class=\"elementor-widget-container\">\n\t\t\t<h4 class=\"elementor-heading-title elementor-size-default\">Calcoli sbagliati? <br \/>\nEcco la polizza giusta. <\/h4>\t\t<\/div>\n\t\t\t\t<\/div>\n\t\t\t\t\t<\/div>\n\t\t<\/div>\n\t\t\t\t\t\t\t<\/div>\n\t\t<\/section>\n\t\t\t\t<section class=\"elementor-section elementor-top-section elementor-element elementor-element-75d46f22 elementor-section-boxed elementor-section-height-default elementor-section-height-default\" data-id=\"75d46f22\" data-element_type=\"section\">\n\t\t\t\t\t\t<div class=\"elementor-container elementor-column-gap-default\">\n\t\t\t\t\t<div class=\"elementor-column elementor-col-100 elementor-top-column elementor-element elementor-element-71f237a3\" data-id=\"71f237a3\" data-element_type=\"column\">\n\t\t\t<div class=\"elementor-widget-wrap elementor-element-populated\">\n\t\t\t\t\t\t\t\t<div class=\"elementor-element elementor-element-ff1dc9f elementor-widget elementor-widget-heading\" data-id=\"ff1dc9f\" data-element_type=\"widget\" data-widget_type=\"heading.default\">\n\t\t\t\t<div class=\"elementor-widget-container\">\n\t\t\t<h1 class=\"elementor-heading-title elementor-size-default\">Assicurazione responsabilit\u00e0 patrimoniale<\/h1>\t\t<\/div>\n\t\t\t\t<\/div>\n\t\t\t\t<div class=\"elementor-element elementor-element-4b32aba8 elementor-widget elementor-widget-heading\" data-id=\"4b32aba8\" data-element_type=\"widget\" data-widget_type=\"heading.default\">\n\t\t\t\t<div class=\"elementor-widget-container\">\n\t\t\t<h2 class=\"elementor-heading-title elementor-size-default\">La polizza responsabilit\u00e0 patrimoniale per imprese e lavoratori autonomi di Rottonara & Debiasi \u2013 Allianz Assicurazioni, Alto Adige<\/h2>\t\t<\/div>\n\t\t\t\t<\/div>\n\t\t\t\t<div class=\"elementor-element elementor-element-c8d6039 elementor-widget elementor-widget-text-editor\" data-id=\"c8d6039\" data-element_type=\"widget\" data-widget_type=\"text-editor.default\">\n\t\t\t\t<div class=\"elementor-widget-container\">\n\t\t\t\t\t\t\tPu\u00f2 capitare: si trascura un piccolo dettaglio e si finisce per sbagliare il calcolo, o fornire al cliente una consulenza errata. Che siate avvocati, architetti, commercialisti o consulenti, un vostro errore pu\u00f2 portare il cliente a perdere fatturato, fare investimenti sbagliati o dover demolire parte della nuova casa per via di un errore di calcolo. In questi casi chi commette l\u2019errore \u00e8 civilmente obbligato a pagare di tasca propria il risarcimento per eventuali perdite di terzi. La polizza responsabilit\u00e0 patrimoniale di Allianz \u00e8 nata per tutelarvi in tutti questi casi. Per alcune categorie professionali questo tipo di copertura assicurativa \u00e8 non solo un\u2019assoluta necessit\u00e0, ma anche un obbligo legale. Noi di Rottonara &#038; Debiasi \u2013 Allianz Assicurazioni Alto Adige saremo lieti di offrirvi una consulenza dettagliata e una soluzione assicurativa su misura, tenendo conto delle dimensioni della vostra azienda, dei possibili rischi e delle coperture aggiuntive utili per il vostro caso specifico.\t\t\t\t\t\t<\/div>\n\t\t\t\t<\/div>\n\t\t\t\t<div class=\"elementor-element elementor-element-536fc31e elementor-widget elementor-widget-heading\" data-id=\"536fc31e\" data-element_type=\"widget\" data-widget_type=\"heading.default\">\n\t\t\t\t<div class=\"elementor-widget-container\">\n\t\t\t<h5 class=\"elementor-heading-title elementor-size-default\">Volete sapere come tutelare la vostra attivit\u00e0 con una copertura assicurativa completa?  \n<\/br>Il nostro team a Bressanone, Brunico e Vipiteno \u00e8 a vostra disposizione! <\/h5>\t\t<\/div>\n\t\t\t\t<\/div>\n\t\t\t\t\t<\/div>\n\t\t<\/div>\n\t\t\t\t\t\t\t<\/div>\n\t\t<\/section>\n\t\t\t\t<section class=\"elementor-section elementor-top-section elementor-element elementor-element-33ee4e88 elementor-section-boxed elementor-section-height-default elementor-section-height-default\" data-id=\"33ee4e88\" data-element_type=\"section\" data-settings=\"{&quot;background_background&quot;:&quot;classic&quot;}\">\n\t\t\t\t\t\t<div class=\"elementor-container elementor-column-gap-default\">\n\t\t\t\t\t<div class=\"elementor-column elementor-col-100 elementor-top-column elementor-element elementor-element-35c49db9\" data-id=\"35c49db9\" data-element_type=\"column\">\n\t\t\t<div class=\"elementor-widget-wrap elementor-element-populated\">\n\t\t\t\t\t\t\t\t<div class=\"elementor-element elementor-element-86fcd5b elementor-widget elementor-widget-heading\" data-id=\"86fcd5b\" data-element_type=\"widget\" data-widget_type=\"heading.default\">\n\t\t\t\t<div class=\"elementor-widget-container\">\n\t\t\t<h3 class=\"elementor-heading-title elementor-size-default\">Scoprite le nostre polizze Allianz per la responsabilit\u00e0 civile, <br>All Risks incendio, la tutela legale aziendale e lavoratori autonomi.  <\/h3>\t\t<\/div>\n\t\t\t\t<\/div>\n\t\t\t\t<div class=\"elementor-element elementor-element-24c89b1f elementor-widget elementor-widget-text-editor\" data-id=\"24c89b1f\" data-element_type=\"widget\" data-widget_type=\"text-editor.default\">\n\t\t\t\t<div class=\"elementor-widget-container\">\n\t\t\t\t\t\t\tProteggete il vostro business.\t\t\t\t\t\t<\/div>\n\t\t\t\t<\/div>\n\t\t\t\t<div class=\"elementor-element elementor-element-8f93de5 elementor-testimonial--layout-image_above elementor-testimonial--align-left three-img-sec-new elementor-testimonial--skin-default elementor-arrows-yes elementor-pagination-type-bullets elementor-widget elementor-widget-testimonial-carousel\" data-id=\"8f93de5\" data-element_type=\"widget\" data-settings=\"{&quot;slides_per_view&quot;:&quot;3&quot;,&quot;slides_to_scroll&quot;:&quot;1&quot;,&quot;space_between&quot;:{&quot;unit&quot;:&quot;px&quot;,&quot;size&quot;:35,&quot;sizes&quot;:[]},&quot;slides_per_view_tablet&quot;:&quot;2&quot;,&quot;show_arrows&quot;:&quot;yes&quot;,&quot;pagination&quot;:&quot;bullets&quot;,&quot;speed&quot;:500,&quot;space_between_tablet&quot;:{&quot;unit&quot;:&quot;px&quot;,&quot;size&quot;:10,&quot;sizes&quot;:[]},&quot;space_between_mobile&quot;:{&quot;unit&quot;:&quot;px&quot;,&quot;size&quot;:10,&quot;sizes&quot;:[]}}\" data-widget_type=\"testimonial-carousel.default\">\n\t\t\t\t<div class=\"elementor-widget-container\">\n\t\t\t\t\t<div class=\"elementor-swiper\">\n\t\t\t<div class=\"elementor-main-swiper swiper-container\">\n\t\t\t\t<div class=\"swiper-wrapper\">\n\t\t\t\t\t\t\t\t\t\t\t<div class=\"swiper-slide\">\n\t\t\t\t\t\t\t\t\t<div class=\"elementor-testimonial\">\n\t\t\t\t\t\t\t<div class=\"elementor-testimonial__content\">\n\t\t\t\t\t<div class=\"elementor-testimonial__text\">\n\t\t\t\t\t\t<div class=\"box-para-6line\">L\u2019indispensabile per qualunque business. Le nostre polizze RC su misura offrono la protezione di base ottimale sia per le aziende che per i lavoratori autonomi. <\/div>\n<div class=\"link-box\"><a href=\"https:\/\/rottonara-debiasi.it\/it\/firmenkunde\/gebaude-buro\/betriebshaftpflicht\/\">\u2192  Scoprire di pi\u00f9 <\/a><\/div>\t\t\t\t\t<\/div>\n\t\t\t\t\t<cite class=\"elementor-testimonial__cite\"><span class=\"elementor-testimonial__name\">Responsabilit\u00e0 civile<\/span><\/cite>\t\t\t\t<\/div>\n\t\t\t\t\t\t<div class=\"elementor-testimonial__footer\">\n\t\t\t\t\t\t\t\t\t<div class=\"elementor-testimonial__image\">\n\t\t\t\t\t\t<img decoding=\"async\" src=\"https:\/\/rottonara-debiasi.it\/wp-content\/uploads\/2021\/05\/Betriebshaftpflicht-image.jpg\" alt=\"Responsabilit\u00e0 civile\">\n\t\t\t\t\t\t\t\t\t\t\t<\/div>\n\t\t\t\t\t\t\t\t\t\t\t<\/div>\n\t\t<\/div>\n\t\t\t\t\t\t\t\t<\/div>\n\t\t\t\t\t\t\t\t\t\t\t<div class=\"swiper-slide\">\n\t\t\t\t\t\t\t\t\t<div class=\"elementor-testimonial\">\n\t\t\t\t\t\t\t<div class=\"elementor-testimonial__content\">\n\t\t\t\t\t<div class=\"elementor-testimonial__text\">\n\t\t\t\t\t\t<div class=\"box-para-6line\">Nessun aziende dovrebbe operare senza questa garanzia di base.\nLa protezione a 360 gradi per il patrimonio aziendale. <\/div>\n <div class=\"link-box\"><a href=\"https:\/\/rottonara-debiasi.it\/it\/firmenkunde\/gebaude-buro\/feuer-und-andere-schaeden\/\">\u2192  SCOPRIRE DI PI\u00d9 <\/a><\/div>\t\t\t\t\t<\/div>\n\t\t\t\t\t<cite class=\"elementor-testimonial__cite\"><span class=\"elementor-testimonial__name\">All Risks Incendio ed altri danni<\/span><\/cite>\t\t\t\t<\/div>\n\t\t\t\t\t\t<div class=\"elementor-testimonial__footer\">\n\t\t\t\t\t\t\t\t\t<div class=\"elementor-testimonial__image\">\n\t\t\t\t\t\t<img decoding=\"async\" src=\"https:\/\/rottonara-debiasi.it\/wp-content\/uploads\/2021\/06\/brand-lower-part.jpg\" alt=\"All Risks Incendio ed altri danni\">\n\t\t\t\t\t\t\t\t\t\t\t<\/div>\n\t\t\t\t\t\t\t\t\t\t\t<\/div>\n\t\t<\/div>\n\t\t\t\t\t\t\t\t<\/div>\n\t\t\t\t\t\t\t\t\t\t\t<div class=\"swiper-slide\">\n\t\t\t\t\t\t\t\t\t<div class=\"elementor-testimonial\">\n\t\t\t\t\t\t\t<div class=\"elementor-testimonial__content\">\n\t\t\t\t\t<div class=\"elementor-testimonial__text\">\n\t\t\t\t\t\t<div class=\"box-para-6line\">Piccoli errori, grosse conseguenze. Ma non con la nostra polizza RC prodotti, che vi protegge finanziariamente in caso di difetti nel prodotto. <\/div>\n<div class=\"link-box\"><a href=\"https:\/\/rottonara-debiasi.it\/it\/firmenkunde\/gebaude-buro\/produkthaftpflicht\/\">\u2192  Scoprire di pi\u00f9 <\/a><\/div>\t\t\t\t\t<\/div>\n\t\t\t\t\t<cite class=\"elementor-testimonial__cite\"><span class=\"elementor-testimonial__name\">RC prodotti<\/span><\/cite>\t\t\t\t<\/div>\n\t\t\t\t\t\t<div class=\"elementor-testimonial__footer\">\n\t\t\t\t\t\t\t\t\t<div class=\"elementor-testimonial__image\">\n\t\t\t\t\t\t<img decoding=\"async\" src=\"https:\/\/rottonara-debiasi.it\/wp-content\/uploads\/2021\/06\/produkthaftpflicht-lower-part.jpg\" alt=\"RC prodotti\">\n\t\t\t\t\t\t\t\t\t\t\t<\/div>\n\t\t\t\t\t\t\t\t\t\t\t<\/div>\n\t\t<\/div>\n\t\t\t\t\t\t\t\t<\/div>\n\t\t\t\t\t\t\t\t\t<\/div>\n\t\t\t\t\t\t\t\t\t\t\t\t\t\t\t<div class=\"swiper-pagination\"><\/div>\n\t\t\t\t\t\t\t\t\t\t\t\t\t\t\t\t<div class=\"elementor-swiper-button elementor-swiper-button-prev\" role=\"button\" tabindex=\"0\">\n\t\t\t\t\t\t\t<i aria-hidden=\"true\" class=\"eicon-chevron-left\"><\/i>\t\t\t\t\t\t\t<span class=\"elementor-screen-only\">Precedente<\/span>\n\t\t\t\t\t\t<\/div>\n\t\t\t\t\t\t<div class=\"elementor-swiper-button elementor-swiper-button-next\" role=\"button\" tabindex=\"0\">\n\t\t\t\t\t\t\t<i aria-hidden=\"true\" class=\"eicon-chevron-right\"><\/i>\t\t\t\t\t\t\t<span class=\"elementor-screen-only\">Successivo<\/span>\n\t\t\t\t\t\t<\/div>\n\t\t\t\t\t\t\t\t\t\t\t\t<\/div>\n\t\t<\/div>\n\t\t\t\t<\/div>\n\t\t\t\t<\/div>\n\t\t\t\t\t<\/div>\n\t\t<\/div>\n\t\t\t\t\t\t\t<\/div>\n\t\t<\/section>\n\t\t\t\t\t\t\t<\/div>\n\t\t","protected":false},"excerpt":{"rendered":"<p>Calcoli sbagliati? Ecco la polizza giusta. Calcoli sbagliati? Ecco la polizza giusta. Assicurazione responsabilit\u00e0 patrimoniale La polizza responsabilit\u00e0 patrimoniale per &hellip;<\/p>\n<p class=\"read-more\"> <a class=\"\" href=\"https:\/\/rottonara-debiasi.it\/it\/firmenkunde\/gebaude-buro\/vermogenshaftpflicht\/\"> <span class=\"screen-reader-text\">Verm\u00f6genshaftpflicht<\/span> Leggi altro &raquo;<\/a><\/p>\n<div class=\"link-box\"><a href=\"https:\/\/rottonara-debiasi.it\/it\/firmenkunde\/gebaude-buro\/vermogenshaftpflicht\/\">\u2192  ENTDECKEN<\/a><\/div>","protected":false},"author":2,"featured_media":0,"parent":7368,"menu_order":4,"comment_status":"closed","ping_status":"closed","template":"elementor_header_footer","meta":{"inline_featured_image":false,"site-sidebar-layout":"no-sidebar","site-content-layout":"page-builder","ast-global-header-display":"","ast-banner-title-visibility":"","ast-main-header-display":"","ast-hfb-above-header-display":"","ast-hfb-below-header-display":"","ast-hfb-mobile-header-display":"","site-post-title":"disabled","ast-breadcrumbs-content":"","ast-featured-img":"disabled","footer-sml-layout":"","theme-transparent-header-meta":"enabled","adv-header-id-meta":"","stick-header-meta":"","header-above-stick-meta":"","header-main-stick-meta":"","header-below-stick-meta":"","footnotes":""},"class_list":["post-7360","page","type-page","status-publish","hentry"],"acf":[],"aioseo_notices":[],"_links":{"self":[{"href":"https:\/\/rottonara-debiasi.it\/it\/wp-json\/wp\/v2\/pages\/7360","targetHints":{"allow":["GET"]}}],"collection":[{"href":"https:\/\/rottonara-debiasi.it\/it\/wp-json\/wp\/v2\/pages"}],"about":[{"href":"https:\/\/rottonara-debiasi.it\/it\/wp-json\/wp\/v2\/types\/page"}],"author":[{"embeddable":true,"href":"https:\/\/rottonara-debiasi.it\/it\/wp-json\/wp\/v2\/users\/2"}],"replies":[{"embeddable":true,"href":"https:\/\/rottonara-debiasi.it\/it\/wp-json\/wp\/v2\/comments?post=7360"}],"version-history":[{"count":0,"href":"https:\/\/rottonara-debiasi.it\/it\/wp-json\/wp\/v2\/pages\/7360\/revisions"}],"up":[{"embeddable":true,"href":"https:\/\/rottonara-debiasi.it\/it\/wp-json\/wp\/v2\/pages\/7368"}],"wp:attachment":[{"href":"https:\/\/rottonara-debiasi.it\/it\/wp-json\/wp\/v2\/media?parent=7360"}],"curies":[{"name":"wp","href":"https:\/\/api.w.org\/{rel}","templated":true}]}}