{"id":7350,"date":"2021-05-22T14:47:08","date_gmt":"2021-05-22T14:47:08","guid":{"rendered":"https:\/\/rottonara-debiasi.it\/produkthaftpflicht\/"},"modified":"2021-06-12T09:44:30","modified_gmt":"2021-06-12T09:44:30","slug":"produkthaftpflicht","status":"publish","type":"page","link":"https:\/\/rottonara-debiasi.it\/it\/firmenkunde\/gebaude-buro\/produkthaftpflicht\/","title":{"rendered":"Produkthaftpflicht"},"content":{"rendered":"\t\t<div data-elementor-type=\"wp-page\" data-elementor-id=\"7350\" class=\"elementor elementor-7350 elementor-2930\">\n\t\t\t\t\t\t\t\t\t<section class=\"elementor-section elementor-top-section elementor-element elementor-element-5d2eb38b elementor-section-height-min-height elementor-section-items-bottom elementor-hidden-tablet elementor-hidden-phone elementor-section-content-top elementor-section-boxed elementor-section-height-default\" data-id=\"5d2eb38b\" data-element_type=\"section\" data-settings=\"{&quot;background_background&quot;:&quot;classic&quot;}\">\n\t\t\t\t\t\t<div class=\"elementor-container elementor-column-gap-no\">\n\t\t\t\t\t<div class=\"elementor-column elementor-col-50 elementor-top-column elementor-element elementor-element-1d205c5c\" data-id=\"1d205c5c\" data-element_type=\"column\" data-settings=\"{&quot;background_background&quot;:&quot;classic&quot;}\">\n\t\t\t<div class=\"elementor-widget-wrap elementor-element-populated\">\n\t\t\t\t\t\t\t\t<div class=\"elementor-element elementor-element-3e15432b elementor-widget elementor-widget-heading\" data-id=\"3e15432b\" data-element_type=\"widget\" data-widget_type=\"heading.default\">\n\t\t\t\t<div class=\"elementor-widget-container\">\n\t\t\t<h4 class=\"elementor-heading-title elementor-size-default\">Piccoli difetti, grossi rischi. \nLa tutela contro i danni da vizio del prodotto. <\/h4>\t\t<\/div>\n\t\t\t\t<\/div>\n\t\t\t\t\t<\/div>\n\t\t<\/div>\n\t\t\t\t<div class=\"elementor-column elementor-col-50 elementor-top-column elementor-element elementor-element-7400760f\" data-id=\"7400760f\" data-element_type=\"column\">\n\t\t\t<div class=\"elementor-widget-wrap\">\n\t\t\t\t\t\t\t\t\t<\/div>\n\t\t<\/div>\n\t\t\t\t\t\t\t<\/div>\n\t\t<\/section>\n\t\t\t\t<section class=\"elementor-section elementor-top-section elementor-element elementor-element-af77b63 elementor-section-height-min-height elementor-section-items-bottom elementor-section-content-bottom mob-bnr elementor-hidden-desktop elementor-section-boxed elementor-section-height-default\" data-id=\"af77b63\" data-element_type=\"section\" data-settings=\"{&quot;background_background&quot;:&quot;classic&quot;}\">\n\t\t\t\t\t\t<div class=\"elementor-container elementor-column-gap-default\">\n\t\t\t\t\t<div class=\"elementor-column elementor-col-100 elementor-top-column elementor-element elementor-element-70e81c2c\" data-id=\"70e81c2c\" data-element_type=\"column\" data-settings=\"{&quot;background_background&quot;:&quot;classic&quot;}\">\n\t\t\t<div class=\"elementor-widget-wrap elementor-element-populated\">\n\t\t\t\t\t\t\t\t<div class=\"elementor-element elementor-element-70040323 elementor-widget elementor-widget-heading\" data-id=\"70040323\" data-element_type=\"widget\" data-widget_type=\"heading.default\">\n\t\t\t\t<div class=\"elementor-widget-container\">\n\t\t\t<h4 class=\"elementor-heading-title elementor-size-default\">Piccoli difetti, grossi rischi. \nLa tutela contro i danni da vizio del prodotto. <\/h4>\t\t<\/div>\n\t\t\t\t<\/div>\n\t\t\t\t\t<\/div>\n\t\t<\/div>\n\t\t\t\t\t\t\t<\/div>\n\t\t<\/section>\n\t\t\t\t<section class=\"elementor-section elementor-top-section elementor-element elementor-element-7bfcec56 elementor-section-boxed elementor-section-height-default elementor-section-height-default\" data-id=\"7bfcec56\" data-element_type=\"section\">\n\t\t\t\t\t\t<div class=\"elementor-container elementor-column-gap-default\">\n\t\t\t\t\t<div class=\"elementor-column elementor-col-100 elementor-top-column elementor-element elementor-element-2c94a7cb\" data-id=\"2c94a7cb\" data-element_type=\"column\">\n\t\t\t<div class=\"elementor-widget-wrap elementor-element-populated\">\n\t\t\t\t\t\t\t\t<div class=\"elementor-element elementor-element-54d92890 elementor-widget elementor-widget-heading\" data-id=\"54d92890\" data-element_type=\"widget\" data-widget_type=\"heading.default\">\n\t\t\t\t<div class=\"elementor-widget-container\">\n\t\t\t<h1 class=\"elementor-heading-title elementor-size-default\">Assicurazione RC prodotti<\/h1>\t\t<\/div>\n\t\t\t\t<\/div>\n\t\t\t\t<div class=\"elementor-element elementor-element-fe6c06f elementor-widget elementor-widget-heading\" data-id=\"fe6c06f\" data-element_type=\"widget\" data-widget_type=\"heading.default\">\n\t\t\t\t<div class=\"elementor-widget-container\">\n\t\t\t<h2 class=\"elementor-heading-title elementor-size-default\">La polizza RC prodotti per le aziende di Rottonara & Debiasi \u2013 Allianz Alto Adige vi tutela in caso di danni a terzi dovuti al difetto del prodotto. <\/h2>\t\t<\/div>\n\t\t\t\t<\/div>\n\t\t\t\t<div class=\"elementor-element elementor-element-4e05ce6d elementor-widget elementor-widget-text-editor\" data-id=\"4e05ce6d\" data-element_type=\"widget\" data-widget_type=\"text-editor.default\">\n\t\t\t\t<div class=\"elementor-widget-container\">\n\t\t\t\t\t\t\tPu\u00f2 capitare che, nonostante la massima attenzione e gli scrupolosi controlli di qualit\u00e0, il prodotto presenti qualche difetto. Chi produce, fornisce e vende i prodotti \u00e8 ritenuto responsabile dei danni materiali e delle lesioni personali eventualmente causati da prodotti difettosi, che si tratti di parti meccaniche, alimenti o mobili. A seconda della categoria merceologica, del numero di articoli e della dimensioni dell\u2019azienda, le conseguenze possono essere molto onerose: si va dalle richieste di risarcimento a quelle di  ripristino o sostituzione, e dalle perdite di profitto al richiamo del prodotto. La polizza RC prodotti di Allianz vi protegge contro i danni a terzi a seguito di vizi dei prodotti fabbricati o venduti. Noi di Rottonara &#038; Debiasi \u2013 Allianz Alto Adige siamo a disposizione per fornirvi una consulenza approfondita e proporvi una polizza su misura per la vostra azienda. \t\t\t\t\t\t<\/div>\n\t\t\t\t<\/div>\n\t\t\t\t<div class=\"elementor-element elementor-element-37decea6 elementor-widget elementor-widget-heading\" data-id=\"37decea6\" data-element_type=\"widget\" data-widget_type=\"heading.default\">\n\t\t\t\t<div class=\"elementor-widget-container\">\n\t\t\t<h5 class=\"elementor-heading-title elementor-size-default\">Volete sapere come tutelare la vostra azienda con una copertura assicurativa completa? \n<\/br>Contattate il nostro team a Bressanone, Brunico e Vipiteno: siamo a vostra disposizione! <\/h5>\t\t<\/div>\n\t\t\t\t<\/div>\n\t\t\t\t\t<\/div>\n\t\t<\/div>\n\t\t\t\t\t\t\t<\/div>\n\t\t<\/section>\n\t\t\t\t<section class=\"elementor-section elementor-top-section elementor-element elementor-element-1cad2d27 elementor-section-boxed elementor-section-height-default elementor-section-height-default\" data-id=\"1cad2d27\" data-element_type=\"section\" data-settings=\"{&quot;background_background&quot;:&quot;classic&quot;}\">\n\t\t\t\t\t\t<div class=\"elementor-container elementor-column-gap-default\">\n\t\t\t\t\t<div class=\"elementor-column elementor-col-100 elementor-top-column elementor-element elementor-element-53bd2a04\" data-id=\"53bd2a04\" data-element_type=\"column\">\n\t\t\t<div class=\"elementor-widget-wrap elementor-element-populated\">\n\t\t\t\t\t\t\t\t<div class=\"elementor-element elementor-element-673712b elementor-widget elementor-widget-heading\" data-id=\"673712b\" data-element_type=\"widget\" data-widget_type=\"heading.default\">\n\t\t\t\t<div class=\"elementor-widget-container\">\n\t\t\t<h3 class=\"elementor-heading-title elementor-size-default\">Scoprite le nostre polizze Allianz per la responsabilit\u00e0 civile, <br>All Risks incendio, la tutela legale aziendale e lavoratori autonomi.  <\/h3>\t\t<\/div>\n\t\t\t\t<\/div>\n\t\t\t\t<div class=\"elementor-element elementor-element-2829fde8 elementor-widget elementor-widget-text-editor\" data-id=\"2829fde8\" data-element_type=\"widget\" data-widget_type=\"text-editor.default\">\n\t\t\t\t<div class=\"elementor-widget-container\">\n\t\t\t\t\t\t\t<p>Proteggete il vostro business.<\/p>\t\t\t\t\t\t<\/div>\n\t\t\t\t<\/div>\n\t\t\t\t<div class=\"elementor-element elementor-element-fd99007 elementor-testimonial--layout-image_above elementor-testimonial--align-left three-img-sec-new elementor-testimonial--skin-default elementor-arrows-yes elementor-pagination-type-bullets elementor-widget elementor-widget-testimonial-carousel\" data-id=\"fd99007\" data-element_type=\"widget\" data-settings=\"{&quot;slides_per_view&quot;:&quot;3&quot;,&quot;slides_to_scroll&quot;:&quot;1&quot;,&quot;space_between&quot;:{&quot;unit&quot;:&quot;px&quot;,&quot;size&quot;:35,&quot;sizes&quot;:[]},&quot;slides_per_view_tablet&quot;:&quot;2&quot;,&quot;show_arrows&quot;:&quot;yes&quot;,&quot;pagination&quot;:&quot;bullets&quot;,&quot;speed&quot;:500,&quot;space_between_tablet&quot;:{&quot;unit&quot;:&quot;px&quot;,&quot;size&quot;:10,&quot;sizes&quot;:[]},&quot;space_between_mobile&quot;:{&quot;unit&quot;:&quot;px&quot;,&quot;size&quot;:10,&quot;sizes&quot;:[]}}\" data-widget_type=\"testimonial-carousel.default\">\n\t\t\t\t<div class=\"elementor-widget-container\">\n\t\t\t\t\t<div class=\"elementor-swiper\">\n\t\t\t<div class=\"elementor-main-swiper swiper-container\">\n\t\t\t\t<div class=\"swiper-wrapper\">\n\t\t\t\t\t\t\t\t\t\t\t<div class=\"swiper-slide\">\n\t\t\t\t\t\t\t\t\t<div class=\"elementor-testimonial\">\n\t\t\t\t\t\t\t<div class=\"elementor-testimonial__content\">\n\t\t\t\t\t<div class=\"elementor-testimonial__text\">\n\t\t\t\t\t\t<div class=\"box-para-6line\">L\u2019indispensabile per qualunque business. Le nostre polizze RC su misura offrono la protezione di base ottimale sia per le aziende che per i lavoratori autonomi. .<\/div>\n<div class=\"link-box\"><a href=\"https:\/\/rottonara-debiasi.it\/it\/firmenkunde\/gebaude-buro\/betriebshaftpflicht\/\">\u2192  Scoprire di pi\u00f9 <\/a><\/div>\t\t\t\t\t<\/div>\n\t\t\t\t\t<cite class=\"elementor-testimonial__cite\"><span class=\"elementor-testimonial__name\">Responsabilit\u00e0 civile<\/span><\/cite>\t\t\t\t<\/div>\n\t\t\t\t\t\t<div class=\"elementor-testimonial__footer\">\n\t\t\t\t\t\t\t\t\t<div class=\"elementor-testimonial__image\">\n\t\t\t\t\t\t<img decoding=\"async\" src=\"https:\/\/rottonara-debiasi.it\/wp-content\/uploads\/2021\/05\/Betriebshaftpflicht-image.jpg\" alt=\"Responsabilit\u00e0 civile\">\n\t\t\t\t\t\t\t\t\t\t\t<\/div>\n\t\t\t\t\t\t\t\t\t\t\t<\/div>\n\t\t<\/div>\n\t\t\t\t\t\t\t\t<\/div>\n\t\t\t\t\t\t\t\t\t\t\t<div class=\"swiper-slide\">\n\t\t\t\t\t\t\t\t\t<div class=\"elementor-testimonial\">\n\t\t\t\t\t\t\t<div class=\"elementor-testimonial__content\">\n\t\t\t\t\t<div class=\"elementor-testimonial__text\">\n\t\t\t\t\t\t<div class=\"box-para-6line\">Nessun aziende dovrebbe operare senza questa garanzia di base.\nLa protezione a 360 gradi per il patrimonio aziendale. <\/div>\n <div class=\"link-box\"><a href=\"https:\/\/rottonara-debiasi.it\/it\/firmenkunde\/gebaude-buro\/feuer-und-andere-schaeden\/\">\u2192  SCOPRIRE DI PI\u00d9 <\/a><\/div>\t\t\t\t\t<\/div>\n\t\t\t\t\t<cite class=\"elementor-testimonial__cite\"><span class=\"elementor-testimonial__name\">All Risks Incendio ed altri danni<\/span><\/cite>\t\t\t\t<\/div>\n\t\t\t\t\t\t<div class=\"elementor-testimonial__footer\">\n\t\t\t\t\t\t\t\t\t<div class=\"elementor-testimonial__image\">\n\t\t\t\t\t\t<img decoding=\"async\" src=\"https:\/\/rottonara-debiasi.it\/wp-content\/uploads\/2021\/06\/brand-lower-part.jpg\" alt=\"All Risks Incendio ed altri danni\">\n\t\t\t\t\t\t\t\t\t\t\t<\/div>\n\t\t\t\t\t\t\t\t\t\t\t<\/div>\n\t\t<\/div>\n\t\t\t\t\t\t\t\t<\/div>\n\t\t\t\t\t\t\t\t\t\t\t<div class=\"swiper-slide\">\n\t\t\t\t\t\t\t\t\t<div class=\"elementor-testimonial\">\n\t\t\t\t\t\t\t<div class=\"elementor-testimonial__content\">\n\t\t\t\t\t<div class=\"elementor-testimonial__text\">\n\t\t\t\t\t\t<div class=\"box-para-6line\">Avete fatto male i conti? La nostra polizza RC patrimoniale protegge il patrimonio personale di lavoratori autonomi, liberi professionisti e titolari d\u2019azienda. <\/div>\n<div class=\"link-box\"><a href=\"https:\/\/rottonara-debiasi.it\/it\/firmenkunde\/gebaude-buro\/vermogenshaftpflicht\/\">\u2192  Scoprire di pi\u00f9<\/a><\/div>\t\t\t\t\t<\/div>\n\t\t\t\t\t<cite class=\"elementor-testimonial__cite\"><span class=\"elementor-testimonial__name\">RC patrimoniale <\/span><\/cite>\t\t\t\t<\/div>\n\t\t\t\t\t\t<div class=\"elementor-testimonial__footer\">\n\t\t\t\t\t\t\t\t\t<div class=\"elementor-testimonial__image\">\n\t\t\t\t\t\t<img decoding=\"async\" src=\"https:\/\/rottonara-debiasi.it\/wp-content\/uploads\/2021\/05\/Vermogenshaftpflicht-image.jpg\" alt=\"RC patrimoniale \">\n\t\t\t\t\t\t\t\t\t\t\t<\/div>\n\t\t\t\t\t\t\t\t\t\t\t<\/div>\n\t\t<\/div>\n\t\t\t\t\t\t\t\t<\/div>\n\t\t\t\t\t\t\t\t\t<\/div>\n\t\t\t\t\t\t\t\t\t\t\t\t\t\t\t<div class=\"swiper-pagination\"><\/div>\n\t\t\t\t\t\t\t\t\t\t\t\t\t\t\t\t<div class=\"elementor-swiper-button elementor-swiper-button-prev\" role=\"button\" tabindex=\"0\">\n\t\t\t\t\t\t\t<i aria-hidden=\"true\" class=\"eicon-chevron-left\"><\/i>\t\t\t\t\t\t\t<span class=\"elementor-screen-only\">Precedente<\/span>\n\t\t\t\t\t\t<\/div>\n\t\t\t\t\t\t<div class=\"elementor-swiper-button elementor-swiper-button-next\" role=\"button\" tabindex=\"0\">\n\t\t\t\t\t\t\t<i aria-hidden=\"true\" class=\"eicon-chevron-right\"><\/i>\t\t\t\t\t\t\t<span class=\"elementor-screen-only\">Successivo<\/span>\n\t\t\t\t\t\t<\/div>\n\t\t\t\t\t\t\t\t\t\t\t\t<\/div>\n\t\t<\/div>\n\t\t\t\t<\/div>\n\t\t\t\t<\/div>\n\t\t\t\t\t<\/div>\n\t\t<\/div>\n\t\t\t\t\t\t\t<\/div>\n\t\t<\/section>\n\t\t\t\t\t\t\t<\/div>\n\t\t","protected":false},"excerpt":{"rendered":"<p>Piccoli difetti, grossi rischi. La tutela contro i danni da vizio del prodotto. Piccoli difetti, grossi rischi. La tutela contro &hellip;<\/p>\n<p class=\"read-more\"> <a class=\"\" href=\"https:\/\/rottonara-debiasi.it\/it\/firmenkunde\/gebaude-buro\/produkthaftpflicht\/\"> <span class=\"screen-reader-text\">Produkthaftpflicht<\/span> Leggi altro &raquo;<\/a><\/p>\n<div class=\"link-box\"><a href=\"https:\/\/rottonara-debiasi.it\/it\/firmenkunde\/gebaude-buro\/produkthaftpflicht\/\">\u2192  ENTDECKEN<\/a><\/div>","protected":false},"author":2,"featured_media":0,"parent":7368,"menu_order":3,"comment_status":"closed","ping_status":"closed","template":"elementor_header_footer","meta":{"inline_featured_image":false,"site-sidebar-layout":"no-sidebar","site-content-layout":"page-builder","ast-global-header-display":"","ast-banner-title-visibility":"","ast-main-header-display":"","ast-hfb-above-header-display":"","ast-hfb-below-header-display":"","ast-hfb-mobile-header-display":"","site-post-title":"disabled","ast-breadcrumbs-content":"","ast-featured-img":"disabled","footer-sml-layout":"","theme-transparent-header-meta":"enabled","adv-header-id-meta":"","stick-header-meta":"","header-above-stick-meta":"","header-main-stick-meta":"","header-below-stick-meta":"","footnotes":""},"class_list":["post-7350","page","type-page","status-publish","hentry"],"acf":[],"aioseo_notices":[],"_links":{"self":[{"href":"https:\/\/rottonara-debiasi.it\/it\/wp-json\/wp\/v2\/pages\/7350","targetHints":{"allow":["GET"]}}],"collection":[{"href":"https:\/\/rottonara-debiasi.it\/it\/wp-json\/wp\/v2\/pages"}],"about":[{"href":"https:\/\/rottonara-debiasi.it\/it\/wp-json\/wp\/v2\/types\/page"}],"author":[{"embeddable":true,"href":"https:\/\/rottonara-debiasi.it\/it\/wp-json\/wp\/v2\/users\/2"}],"replies":[{"embeddable":true,"href":"https:\/\/rottonara-debiasi.it\/it\/wp-json\/wp\/v2\/comments?post=7350"}],"version-history":[{"count":0,"href":"https:\/\/rottonara-debiasi.it\/it\/wp-json\/wp\/v2\/pages\/7350\/revisions"}],"up":[{"embeddable":true,"href":"https:\/\/rottonara-debiasi.it\/it\/wp-json\/wp\/v2\/pages\/7368"}],"wp:attachment":[{"href":"https:\/\/rottonara-debiasi.it\/it\/wp-json\/wp\/v2\/media?parent=7350"}],"curies":[{"name":"wp","href":"https:\/\/api.w.org\/{rel}","templated":true}]}}