{"id":7310,"date":"2021-05-22T12:22:16","date_gmt":"2021-05-22T12:22:16","guid":{"rendered":"https:\/\/rottonara-debiasi.it\/betriebliche-altersvorsorge\/"},"modified":"2021-06-11T09:04:30","modified_gmt":"2021-06-11T09:04:30","slug":"betriebliche-altersvorsorge","status":"publish","type":"page","link":"https:\/\/rottonara-debiasi.it\/it\/firmenkunde\/mitarbeiter\/betriebliche-altersvorsorge\/","title":{"rendered":"Betriebliche Altersvorsorge"},"content":{"rendered":"\t\t<div data-elementor-type=\"wp-page\" data-elementor-id=\"7310\" class=\"elementor elementor-7310 elementor-2512\">\n\t\t\t\t\t\t\t\t\t<section class=\"elementor-section elementor-top-section elementor-element elementor-element-59090cad elementor-section-height-min-height elementor-section-items-bottom elementor-hidden-tablet elementor-hidden-phone elementor-section-content-top elementor-section-boxed elementor-section-height-default\" data-id=\"59090cad\" data-element_type=\"section\" data-settings=\"{&quot;background_background&quot;:&quot;classic&quot;}\">\n\t\t\t\t\t\t<div class=\"elementor-container elementor-column-gap-no\">\n\t\t\t\t\t<div class=\"elementor-column elementor-col-50 elementor-top-column elementor-element elementor-element-2d6d014d\" data-id=\"2d6d014d\" data-element_type=\"column\" data-settings=\"{&quot;background_background&quot;:&quot;classic&quot;}\">\n\t\t\t<div class=\"elementor-widget-wrap elementor-element-populated\">\n\t\t\t\t\t\t\t\t<div class=\"elementor-element elementor-element-352fe07 elementor-widget elementor-widget-heading\" data-id=\"352fe07\" data-element_type=\"widget\" data-widget_type=\"heading.default\">\n\t\t\t\t<div class=\"elementor-widget-container\">\n\t\t\t<h4 class=\"elementor-heading-title elementor-size-default\">Un domani migliore si costruisce gi\u00e0 oggi.<br \/> \nPer guardare al futuro con serenit\u00e0.  \n<\/h4>\t\t<\/div>\n\t\t\t\t<\/div>\n\t\t\t\t\t<\/div>\n\t\t<\/div>\n\t\t\t\t<div class=\"elementor-column elementor-col-50 elementor-top-column elementor-element elementor-element-fda9541\" data-id=\"fda9541\" data-element_type=\"column\">\n\t\t\t<div class=\"elementor-widget-wrap\">\n\t\t\t\t\t\t\t\t\t<\/div>\n\t\t<\/div>\n\t\t\t\t\t\t\t<\/div>\n\t\t<\/section>\n\t\t\t\t<section class=\"elementor-section elementor-top-section elementor-element elementor-element-6c1c8522 elementor-section-height-min-height elementor-section-items-bottom elementor-section-content-bottom mob-bnr elementor-hidden-desktop elementor-section-boxed elementor-section-height-default\" data-id=\"6c1c8522\" data-element_type=\"section\" data-settings=\"{&quot;background_background&quot;:&quot;classic&quot;}\">\n\t\t\t\t\t\t<div class=\"elementor-container elementor-column-gap-default\">\n\t\t\t\t\t<div class=\"elementor-column elementor-col-100 elementor-top-column elementor-element elementor-element-64a230af\" data-id=\"64a230af\" data-element_type=\"column\" data-settings=\"{&quot;background_background&quot;:&quot;classic&quot;}\">\n\t\t\t<div class=\"elementor-widget-wrap elementor-element-populated\">\n\t\t\t\t\t\t\t\t<div class=\"elementor-element elementor-element-4abe00fa elementor-widget elementor-widget-heading\" data-id=\"4abe00fa\" data-element_type=\"widget\" data-widget_type=\"heading.default\">\n\t\t\t\t<div class=\"elementor-widget-container\">\n\t\t\t<h4 class=\"elementor-heading-title elementor-size-default\">Un domani migliore si costruisce gi\u00e0 oggi.<br \/> \nPer guardare al futuro con serenit\u00e0.  <\/h4>\t\t<\/div>\n\t\t\t\t<\/div>\n\t\t\t\t\t<\/div>\n\t\t<\/div>\n\t\t\t\t\t\t\t<\/div>\n\t\t<\/section>\n\t\t\t\t<section class=\"elementor-section elementor-top-section elementor-element elementor-element-2393139f elementor-section-boxed elementor-section-height-default elementor-section-height-default\" data-id=\"2393139f\" data-element_type=\"section\">\n\t\t\t\t\t\t<div class=\"elementor-container elementor-column-gap-default\">\n\t\t\t\t\t<div class=\"elementor-column elementor-col-100 elementor-top-column elementor-element elementor-element-4d926c0\" data-id=\"4d926c0\" data-element_type=\"column\">\n\t\t\t<div class=\"elementor-widget-wrap elementor-element-populated\">\n\t\t\t\t\t\t\t\t<div class=\"elementor-element elementor-element-5eb2bcbf elementor-widget elementor-widget-heading\" data-id=\"5eb2bcbf\" data-element_type=\"widget\" data-widget_type=\"heading.default\">\n\t\t\t\t<div class=\"elementor-widget-container\">\n\t\t\t<h1 class=\"elementor-heading-title elementor-size-default\">Pensione Integrativa Aziendale<\/h1>\t\t<\/div>\n\t\t\t\t<\/div>\n\t\t\t\t<div class=\"elementor-element elementor-element-14106840 elementor-widget elementor-widget-heading\" data-id=\"14106840\" data-element_type=\"widget\" data-widget_type=\"heading.default\">\n\t\t\t\t<div class=\"elementor-widget-container\">\n\t\t\t<h2 class=\"elementor-heading-title elementor-size-default\">La pensione integrativa aziendale di Rottonara & Debiasi \u2013 Allianz Assicurazioni, Alto Adige <\/h2>\t\t<\/div>\n\t\t\t\t<\/div>\n\t\t\t\t<div class=\"elementor-element elementor-element-538747ef elementor-widget elementor-widget-text-editor\" data-id=\"538747ef\" data-element_type=\"widget\" data-widget_type=\"text-editor.default\">\n\t\t\t\t<div class=\"elementor-widget-container\">\n\t\t\t\t\t\t\tPensare al futuro fa parte integrante dello spirito d\u2019impresa. E si sa, la normale pensione oggi non basta pi\u00f9: per un futuro sereno con lo stesso tenore di vita di oggi, ai vostri collaboratori servir\u00e0 una pensione integrativa. Con il nostro piano pensionistico integrativo, offrite loro la possibilit\u00e0 di pianificare il futuro con pi\u00f9 serenit\u00e0, oltre a dimostrare responsabilit\u00e0 sociale e rafforzare la vostra immagine aziendale. Il fondo pensione aziendale di Allianz consente ai vostri dipendenti di crearsi una fonte di reddito supplementare in vista della pensione. In pi\u00f9 potrete approfittare dei vantaggi fiscali previsti per l\u2019azienda e i dipendenti che optano per la pensione integrativa. Noi di Rottonara &#038; Debiasi \u2013 Allianz Assicurazioni siamo a disposizione per aiutarvi a offrire ai vostri dipendenti un futuro pi\u00f9 sereno. \t\t\t\t\t\t<\/div>\n\t\t\t\t<\/div>\n\t\t\t\t<div class=\"elementor-element elementor-element-4c0159fe elementor-widget elementor-widget-heading\" data-id=\"4c0159fe\" data-element_type=\"widget\" data-widget_type=\"heading.default\">\n\t\t\t\t<div class=\"elementor-widget-container\">\n\t\t\t<h5 class=\"elementor-heading-title elementor-size-default\">Volete sapere quale piano pensionistico integrativo offre il miglior valore aggiunto ai vostri dipendenti? \n<\/br>Il nostro team a Bressanone, Brunico e Vipiteno \u00e8 a vostra disposizione! <\/h5>\t\t<\/div>\n\t\t\t\t<\/div>\n\t\t\t\t\t<\/div>\n\t\t<\/div>\n\t\t\t\t\t\t\t<\/div>\n\t\t<\/section>\n\t\t\t\t<section class=\"elementor-section elementor-top-section elementor-element elementor-element-1a0a08ed elementor-section-boxed elementor-section-height-default elementor-section-height-default\" data-id=\"1a0a08ed\" data-element_type=\"section\" data-settings=\"{&quot;background_background&quot;:&quot;classic&quot;}\">\n\t\t\t\t\t\t<div class=\"elementor-container elementor-column-gap-default\">\n\t\t\t\t\t<div class=\"elementor-column elementor-col-100 elementor-top-column elementor-element elementor-element-e6c2cf3\" data-id=\"e6c2cf3\" data-element_type=\"column\">\n\t\t\t<div class=\"elementor-widget-wrap elementor-element-populated\">\n\t\t\t\t\t\t\t\t<div class=\"elementor-element elementor-element-5196116a elementor-widget elementor-widget-heading\" data-id=\"5196116a\" data-element_type=\"widget\" data-widget_type=\"heading.default\">\n\t\t\t\t<div class=\"elementor-widget-container\">\n\t\t\t<h3 class=\"elementor-heading-title elementor-size-default\">Scoprite le soluzioni di Allianz Assicurazioni per la salute e previdenza dei dipendenti. <\/h3>\t\t<\/div>\n\t\t\t\t<\/div>\n\t\t\t\t<div class=\"elementor-element elementor-element-1cd3af0f elementor-widget elementor-widget-text-editor\" data-id=\"1cd3af0f\" data-element_type=\"widget\" data-widget_type=\"text-editor.default\">\n\t\t\t\t<div class=\"elementor-widget-container\">\n\t\t\t\t\t\t\t<p>Assicurare il futuro in anticipo.<\/p>\t\t\t\t\t\t<\/div>\n\t\t\t\t<\/div>\n\t\t\t\t<div class=\"elementor-element elementor-element-5375dbb9 elementor-testimonial--layout-image_above elementor-testimonial--align-left three-img-sec-new elementor-testimonial--skin-default elementor-arrows-yes elementor-pagination-type-bullets elementor-widget elementor-widget-testimonial-carousel\" data-id=\"5375dbb9\" data-element_type=\"widget\" id=\"second-pg-c2\" data-settings=\"{&quot;slides_per_view&quot;:&quot;3&quot;,&quot;slides_to_scroll&quot;:&quot;1&quot;,&quot;space_between&quot;:{&quot;unit&quot;:&quot;px&quot;,&quot;size&quot;:35,&quot;sizes&quot;:[]},&quot;slides_per_view_tablet&quot;:&quot;2&quot;,&quot;show_arrows&quot;:&quot;yes&quot;,&quot;pagination&quot;:&quot;bullets&quot;,&quot;speed&quot;:500,&quot;space_between_tablet&quot;:{&quot;unit&quot;:&quot;px&quot;,&quot;size&quot;:10,&quot;sizes&quot;:[]},&quot;space_between_mobile&quot;:{&quot;unit&quot;:&quot;px&quot;,&quot;size&quot;:10,&quot;sizes&quot;:[]}}\" data-widget_type=\"testimonial-carousel.default\">\n\t\t\t\t<div class=\"elementor-widget-container\">\n\t\t\t\t\t<div class=\"elementor-swiper\">\n\t\t\t<div class=\"elementor-main-swiper swiper-container\">\n\t\t\t\t<div class=\"swiper-wrapper\">\n\t\t\t\t\t\t\t\t\t\t\t<div class=\"swiper-slide\">\n\t\t\t\t\t\t\t\t\t<div class=\"elementor-testimonial\">\n\t\t\t\t\t\t\t<div class=\"elementor-testimonial__content\">\n\t\t\t\t\t<div class=\"elementor-testimonial__text\">\n\t\t\t\t\t\t<div class=\"box-para-6line\">Con la nostra assicurazione sanitaria aziendale, aumentate la vostra competitivit\u00e0 sul mercato del lavoro offrendo ai collaboratori un reale valore aggiunto.  <\/div>\n<div class=\"link-box\"><a href=\"https:\/\/rottonara-debiasi.it\/it\/firmenkunde\/mitarbeiter\/betriebliche-krankenversicherung\/\">\u2192  Scoprire di pi\u00f9 <\/a><\/div>\t\t\t\t\t<\/div>\n\t\t\t\t\t<cite class=\"elementor-testimonial__cite\"><span class=\"elementor-testimonial__name\">Assicurazione sanitaria aziendale<\/span><\/cite>\t\t\t\t<\/div>\n\t\t\t\t\t\t<div class=\"elementor-testimonial__footer\">\n\t\t\t\t\t\t\t\t\t<div class=\"elementor-testimonial__image\">\n\t\t\t\t\t\t<img decoding=\"async\" src=\"https:\/\/rottonara-debiasi.it\/wp-content\/uploads\/2021\/05\/Betriebliche-Krankenversicherung-image500x500.jpg\" alt=\"Assicurazione sanitaria aziendale\">\n\t\t\t\t\t\t\t\t\t\t\t<\/div>\n\t\t\t\t\t\t\t\t\t\t\t<\/div>\n\t\t<\/div>\n\t\t\t\t\t\t\t\t<\/div>\n\t\t\t\t\t\t\t\t\t\t\t<div class=\"swiper-slide\">\n\t\t\t\t\t\t\t\t\t<div class=\"elementor-testimonial\">\n\t\t\t\t\t\t\t<div class=\"elementor-testimonial__content\">\n\t\t\t\t\t<div class=\"elementor-testimonial__text\">\n\t\t\t\t\t\t<div class=\"box-para-6line\">La nostra polizza infortuni offre una protezione integrativa contro gli incidenti sul lavoro e non solo. <\/div>\n<div class=\"link-box\"><a href=\"https:\/\/rottonara-debiasi.it\/it\/firmenkunde\/mitarbeiter\/betriebliche-unfallversicherung\/\">\u2192  Scoprire di pi\u00f9 <\/a><\/div>\t\t\t\t\t<\/div>\n\t\t\t\t\t<cite class=\"elementor-testimonial__cite\"><span class=\"elementor-testimonial__name\">Assicurazione infortuni aziendale <\/span><\/cite>\t\t\t\t<\/div>\n\t\t\t\t\t\t<div class=\"elementor-testimonial__footer\">\n\t\t\t\t\t\t\t\t\t<div class=\"elementor-testimonial__image\">\n\t\t\t\t\t\t<img decoding=\"async\" src=\"https:\/\/rottonara-debiasi.it\/wp-content\/uploads\/2021\/05\/Betriebliche-Unfallversicherung-500x500image.jpg\" alt=\"Assicurazione infortuni aziendale \">\n\t\t\t\t\t\t\t\t\t\t\t<\/div>\n\t\t\t\t\t\t\t\t\t\t\t<\/div>\n\t\t<\/div>\n\t\t\t\t\t\t\t\t<\/div>\n\t\t\t\t\t\t\t\t\t\t\t<div class=\"swiper-slide\">\n\t\t\t\t\t\t\t\t\t<div class=\"elementor-testimonial\">\n\t\t\t\t\t\t\t<div class=\"elementor-testimonial__content\">\n\t\t\t\t\t<div class=\"elementor-testimonial__text\">\n\t\t\t\t\t\t<div class=\"box-para-6line\"><br>Comoda e facile da calcolare: con la nostra polizza TFR evitate i problemi di liquidit\u00e0.  <\/div>\n<div class=\"link-box\"><a href=\"https:\/\/rottonara-debiasi.it\/it\/firmenkunde\/mitarbeiter\/abfertigungs-versicherung\/\">\u2192  Scoprire di pi\u00f9 <\/a><\/div>\t\t\t\t\t<\/div>\n\t\t\t\t\t<cite class=\"elementor-testimonial__cite\"><span class=\"elementor-testimonial__name\">Assicurazione trattamento di fine rapporto <\/span><\/cite>\t\t\t\t<\/div>\n\t\t\t\t\t\t<div class=\"elementor-testimonial__footer\">\n\t\t\t\t\t\t\t\t\t<div class=\"elementor-testimonial__image\">\n\t\t\t\t\t\t<img decoding=\"async\" src=\"https:\/\/rottonara-debiasi.it\/wp-content\/uploads\/2021\/05\/Abfertigungs-versicherung-500x500image.jpg\" alt=\"Assicurazione trattamento di fine rapporto \">\n\t\t\t\t\t\t\t\t\t\t\t<\/div>\n\t\t\t\t\t\t\t\t\t\t\t<\/div>\n\t\t<\/div>\n\t\t\t\t\t\t\t\t<\/div>\n\t\t\t\t\t\t\t\t\t<\/div>\n\t\t\t\t\t\t\t\t\t\t\t\t\t\t\t<div class=\"swiper-pagination\"><\/div>\n\t\t\t\t\t\t\t\t\t\t\t\t\t\t\t\t<div class=\"elementor-swiper-button elementor-swiper-button-prev\" role=\"button\" tabindex=\"0\">\n\t\t\t\t\t\t\t<i aria-hidden=\"true\" class=\"eicon-chevron-left\"><\/i>\t\t\t\t\t\t\t<span class=\"elementor-screen-only\">Precedente<\/span>\n\t\t\t\t\t\t<\/div>\n\t\t\t\t\t\t<div class=\"elementor-swiper-button elementor-swiper-button-next\" role=\"button\" tabindex=\"0\">\n\t\t\t\t\t\t\t<i aria-hidden=\"true\" class=\"eicon-chevron-right\"><\/i>\t\t\t\t\t\t\t<span class=\"elementor-screen-only\">Successivo<\/span>\n\t\t\t\t\t\t<\/div>\n\t\t\t\t\t\t\t\t\t\t\t\t<\/div>\n\t\t<\/div>\n\t\t\t\t<\/div>\n\t\t\t\t<\/div>\n\t\t\t\t\t<\/div>\n\t\t<\/div>\n\t\t\t\t\t\t\t<\/div>\n\t\t<\/section>\n\t\t\t\t\t\t\t<\/div>\n\t\t","protected":false},"excerpt":{"rendered":"<p>Un domani migliore si costruisce gi\u00e0 oggi. Per guardare al futuro con serenit\u00e0. Un domani migliore si costruisce gi\u00e0 oggi. &hellip;<\/p>\n<p class=\"read-more\"> <a class=\"\" href=\"https:\/\/rottonara-debiasi.it\/it\/firmenkunde\/mitarbeiter\/betriebliche-altersvorsorge\/\"> <span class=\"screen-reader-text\">Betriebliche Altersvorsorge<\/span> Leggi altro &raquo;<\/a><\/p>\n<div class=\"link-box\"><a href=\"https:\/\/rottonara-debiasi.it\/it\/firmenkunde\/mitarbeiter\/betriebliche-altersvorsorge\/\">\u2192  ENTDECKEN<\/a><\/div>","protected":false},"author":2,"featured_media":0,"parent":7419,"menu_order":4,"comment_status":"closed","ping_status":"closed","template":"","meta":{"inline_featured_image":false,"site-sidebar-layout":"no-sidebar","site-content-layout":"page-builder","ast-global-header-display":"","ast-banner-title-visibility":"","ast-main-header-display":"","ast-hfb-above-header-display":"","ast-hfb-below-header-display":"","ast-hfb-mobile-header-display":"","site-post-title":"disabled","ast-breadcrumbs-content":"","ast-featured-img":"disabled","footer-sml-layout":"","theme-transparent-header-meta":"enabled","adv-header-id-meta":"","stick-header-meta":"","header-above-stick-meta":"","header-main-stick-meta":"","header-below-stick-meta":"","footnotes":""},"class_list":["post-7310","page","type-page","status-publish","hentry"],"acf":[],"aioseo_notices":[],"_links":{"self":[{"href":"https:\/\/rottonara-debiasi.it\/it\/wp-json\/wp\/v2\/pages\/7310","targetHints":{"allow":["GET"]}}],"collection":[{"href":"https:\/\/rottonara-debiasi.it\/it\/wp-json\/wp\/v2\/pages"}],"about":[{"href":"https:\/\/rottonara-debiasi.it\/it\/wp-json\/wp\/v2\/types\/page"}],"author":[{"embeddable":true,"href":"https:\/\/rottonara-debiasi.it\/it\/wp-json\/wp\/v2\/users\/2"}],"replies":[{"embeddable":true,"href":"https:\/\/rottonara-debiasi.it\/it\/wp-json\/wp\/v2\/comments?post=7310"}],"version-history":[{"count":0,"href":"https:\/\/rottonara-debiasi.it\/it\/wp-json\/wp\/v2\/pages\/7310\/revisions"}],"up":[{"embeddable":true,"href":"https:\/\/rottonara-debiasi.it\/it\/wp-json\/wp\/v2\/pages\/7419"}],"wp:attachment":[{"href":"https:\/\/rottonara-debiasi.it\/it\/wp-json\/wp\/v2\/media?parent=7310"}],"curies":[{"name":"wp","href":"https:\/\/api.w.org\/{rel}","templated":true}]}}